{"id":251,"date":"2021-06-22T18:54:05","date_gmt":"2021-06-22T16:54:05","guid":{"rendered":"https:\/\/www.fiderenos.com\/?page_id=251"},"modified":"2023-11-22T18:54:36","modified_gmt":"2023-11-22T17:54:36","slug":"politica-de-privacidad","status":"publish","type":"page","link":"https:\/\/www.fiderenos.com\/es\/politica-de-privacidad\/","title":{"rendered":"Pol\u00edtica de privacidad"},"content":{"rendered":"\n<div class=\"wp-block-cover alignfull is-light \\&quot;wp-block-cover\"><span aria-hidden=\"true\" class=\"wp-block-cover__background has-background-dim-20 has-background-dim\"><\/span><img decoding=\"async\" width=\"1920\" height=\"1286\" class=\"wp-block-cover__image-background wp-image-26177\" alt=\"\" src=\"https:\/\/www.fiderenos.com\/wp-content\/uploads\/2023\/06\/legal-office-header-banner1.jpg\" data-object-fit=\"cover\" title=\"\"><div class=\"wp-block-cover__inner-container is-layout-flow wp-block-cover-is-layout-flow\">\n<h1 class=\"wp-block-heading has-text-align-center \\&quot;has-text-align-center has-ast-global-color-5-color has-text-color has-link-color has-x-large-font-size wp-elements-6b7ca6ecd3ecc1b12f91772a1ac4abe8\"><strong>Pol\u00edtica de privacidad<\/strong><\/h1>\n<\/div><\/div>\n\n\n\n<div class=\"wp-block-group alignfull has-ast-global-color-5-background-color has-background is-layout-constrained wp-block-group-is-layout-constrained\"><div class=\"wp-block-group__inner-container\">\n<h2 class=\"wp-block-heading \\&quot;uagb-heading-text\\&quot;\"><strong>Datos del responsable del sitio y protecci\u00f3n de datos<\/strong><\/h2>\n\n\n\n<ul class=\"wp-block-list\">\n<li><strong>Denominaci\u00f3n social: <\/strong>Fiderenos International SL<\/li>\n\n\n\n<li><strong>VAT: <\/strong>ESB44838399<\/li>\n\n\n\n<li><strong>Direcci\u00f3n: <\/strong>Orden de los Templarios, 26 &#8211; 06800 MERIDA &#8211; ESPA\u00d1A<\/li>\n\n\n\n<li><strong>E-mail: <\/strong><a href=\"mailto:gdpr@fiderenos.com\">gdpr@fiderenos.com<\/a><\/li>\n<\/ul>\n\n\n\n<h2 class=\"wp-block-heading\"><strong>Finalidades del tratamiento<\/strong><\/h2>\n\n\n\n<p>Le informamos que los datos que nos facilite por cualquier medio (p\u00e1gina web, correo electr\u00f3nico, formularios en papel, y\/o cualquier otro documento) ser\u00e1n incorporados a un fichero titularidad de Fiderenos International SL.<\/p>\n\n\n\n<p>Fiderenos International SL tratar\u00e1 la informaci\u00f3n que nos proporcionan las personas interesadas con las siguientes finalidades:<\/p>\n\n\n\n<ul class=\"wp-block-list\">\n<li><strong>Gestionar cualquier tipo de solicitud, sugerencia o petici\u00f3n<\/strong> sobre nuestros servicios profesionales que nos formulen las personas interesadas.<\/li>\n\n\n\n<li><strong>Comunicaciones comerciales<\/strong>\u200b: Tratamiento de sus datos con la finalidad de informarle sobre actividades, art\u00edculos de inter\u00e9s e informaci\u00f3n general sobre nuestros servicios v\u00eda correo electr\u00f3nico.<\/li>\n\n\n\n<li><strong>Remisi\u00f3n de comunicaciones promocionales v\u00eda electr\u00f3nica y de newsletters<\/strong>: Tratamiento de sus datos con la finalidad de informarle sobre nuestros servicios, ofertas, promociones y art\u00edculos o contenido (newsletter, e-book), que puedan resultar de su inter\u00e9s, v\u00eda electr\u00f3nica (e-mail, SMS, Whatsapp) y\/o telef\u00f3nica.<\/li>\n<\/ul>\n\n\n\n<p>Las personas interesadas podr\u00e1n darse de baja de estas comunicaciones en la siguiente direcci\u00f3n de correo electr\u00f3nico: <a href=\"mailto:gdpr@fiderenos.com\">gdpr@fiderenos.com<\/a>.<\/p>\n\n\n\n<h2 class=\"wp-block-heading\"><strong>Legitimaci\u00f3n<\/strong><\/h2>\n\n\n\n<p>La base legal para el tratamiento de los datos es el consentimiento de las personas interesadas para la tramitaci\u00f3n y gesti\u00f3n de cualquier solicitud de informaci\u00f3n o consulta sobre nuestros servicios profesionales, as\u00ed como para el env\u00edo de comunicaciones comerciales llevadas a cabo por Fiderenos International SL.<\/p>\n\n\n\n<h2 class=\"wp-block-heading\"><strong>\u00bfC\u00f3mo obtenemos sus datos?<\/strong><\/h2>\n\n\n\n<p>Fiderenos International SL obtiene sus datos por las siguientes fuentes:<\/p>\n\n\n\n<ul class=\"wp-block-list\">\n<li>La informaci\u00f3n que Usted nos facilita cuando contrata y mantiene productos y\/o servicios con nosotros, tanto de forma directa como indirecta.<\/li>\n\n\n\n<li>Fuentes de informaci\u00f3n externas, como diarios y boletines oficiales, registros p\u00fablicos, resoluciones de las Administraciones P\u00fablicas, gu\u00edas telef\u00f3nicas, listas de personas pertenecientes a colegios profesionales, listas oficiales para la prevenci\u00f3n del fraude, redes sociales e Internet, as\u00ed como terceras empresas a las que Ud. haya prestado su consentimiento para la cesi\u00f3n de sus datos a entidades de cr\u00e9dito, financieras y de seguros.<\/li>\n<\/ul>\n\n\n\n<p>En particular, los datos que trataremos incluyen las siguientes categor\u00edas: datos de car\u00e1cter identificativo, datos referentes a sus caracter\u00edsticas personales y circunstancias sociales, datos acad\u00e9micos y profesionales, informaci\u00f3n comercial.<\/p>\n\n\n\n<h2 class=\"wp-block-heading\"><strong>\u00bfDurante cu\u00e1nto tiempo conservaremos sus datos?<\/strong><\/h2>\n\n\n\n<p>Trataremos sus datos personales mientras sean necesarios para la finalidad para la cual fueron recabados. Si cancela todos los contratos, usted podr\u00e1:<\/p>\n\n\n\n<ul class=\"wp-block-list\">\n<li>Mantener el consentimiento para desarrollar acciones comerciales: trataremos sus datos para las acciones comerciales que haya consentido. Consideraremos que ha elegido esta opci\u00f3n si no revoca el consentimiento expresamente.<\/li>\n\n\n\n<li>Revocar el consentimiento para desarrollar acciones comerciales: cancelaremos sus datos mediante el bloqueo de los mismos.<\/li>\n<\/ul>\n\n\n\n<p>Con este bloqueo, Fiderenos International SL no tendr\u00e1 acceso a sus datos y solo los tratar\u00e1 para su puesta a disposici\u00f3n a las Administraciones P\u00fablicas competentes, Jueces y Tribunales o el Ministerio Fiscal, para la atenci\u00f3n de las posibles responsabilidades relacionadas con el tratamiento de los datos, en particular para el ejercicio y defensa de reclamaciones ante la Agencia Espa\u00f1ola de Protecci\u00f3n de Datos. Conservaremos sus datos bloqueados durante los plazos previstos en las disposiciones aplicables o, en su caso, en las relaciones contractuales mantenidas con Fiderenos International SL, procediendo a la supresi\u00f3n f\u00edsica de sus datos una vez transcurridos dichos plazos.<\/p>\n\n\n\n<h2 class=\"wp-block-heading\"><strong>Destinatarios<\/strong><\/h2>\n\n\n\n<p>No se ceden datos de car\u00e1cter personal a terceros, salvo disposici\u00f3n legal. Tampoco se realizan transferencias internacionales de datos a terceros pa\u00edses.<\/p>\n\n\n\n<p>Como encargados de tratamiento, tenemos contratados a los siguientes proveedores de servicios, habi\u00e9ndose comprometido al cumplimiento de las disposiciones normativas, de aplicaci\u00f3n en materia de protecci\u00f3n de datos, en el momento de su contrataci\u00f3n:<\/p>\n\n\n\n<ul class=\"wp-block-list\">\n<li>Organismos P\u00fablicos, Agencia Tributaria, Jueces y Tribunales y, en general, Autoridades competentes, cuando Fiderenos International SL tenga la obligaci\u00f3n legal de facilitarlos.<\/li>\n\n\n\n<li>Alwaysdata, con domicilio en 91 rue du Faubourg Saint Honor\u00e9, 75008 Paris, France. Puede consultar la pol\u00edtica de privacidad y dem\u00e1s aspectos legales de dicha compa\u00f1\u00eda en el siguiente enlace: <a href=\"https:\/\/www.alwaysdata.com\/en\/terms-and-legal\/\" data-type=\"link\" data-id=\"https:\/\/www.alwaysdata.com\/en\/terms-and-legal\/\" target=\"_blank\" rel=\"noreferrer noopener nofollow\">https:\/\/www.alwaysdata.com\/en\/terms-and-legal\/<\/a><\/li>\n\n\n\n<li>Al margen de las anteriores comunicaciones de datos, Fiderenos International SL cuenta con la colaboraci\u00f3n de algunos terceros proveedores de servicios que tienen acceso a sus datos personales y que tratan los referidos datos en nombre y por cuenta de Fiderenos International SL como consecuencia de su prestaci\u00f3n de servicios.<\/li>\n<\/ul>\n\n\n\n<p>Fiderenos International SL sigue unos criterios estrictos de selecci\u00f3n de proveedores de servicios con el fin de dar cumplimiento a sus obligaciones en materia de protecci\u00f3n de datos y se compromete a suscribir con ellos el correspondiente contrato de tratamiento de datos mediante el que les impondr\u00e1, entre otras, las siguientes obligaciones: aplicar medidas t\u00e9cnicas y organizativas apropiadas; tratar los datos personales para las finalidades pactadas y atendiendo \u00fanicamente a las instrucciones documentadas de Fiderenos International SL; y suprimir o devolver los datos a Fiderenos International SL una vez finalice la prestaci\u00f3n de los servicios.<\/p>\n\n\n\n<h2 class=\"wp-block-heading\"><strong>Procedencia<\/strong><\/h2>\n\n\n\n<p>Los datos de car\u00e1cter personal se obtienen directamente de las personas interesadas y de nuestros colaboradores. Las categor\u00edas de datos de car\u00e1cter personal que recogemos son las siguientes:<\/p>\n\n\n\n<ul class=\"wp-block-list\">\n<li>Datos de identificaci\u00f3n.<\/li>\n\n\n\n<li>Direcciones postales o electr\u00f3nicas.<\/li>\n\n\n\n<li>Datos bancarios.<\/li>\n<\/ul>\n\n\n\n<p>No se tratan datos especialmente protegidos.<\/p>\n\n\n\n<h2 class=\"wp-block-heading\"><strong>Derechos<\/strong><\/h2>\n\n\n\n<h3 class=\"wp-block-heading\"><strong>Derecho de Acceso, Rectificaci\u00f3n y Supresi\u00f3n<\/strong><\/h3>\n\n\n\n<p>Las personas interesadas tienen derecho a obtener confirmaci\u00f3n sobre si en Fiderenos International SL estamos tratando datos personales que les concierne, o no. Las personas interesadas tienen derecho a si acceder a sus datos personales, as\u00ed como a solicitar la rectificaci\u00f3n de los datos inexactos o, en su caso, solicitar su supresi\u00f3n cuando, entre otros motivos, los datos ya no sean necesarios para los fines que fueron recogidos.<\/p>\n\n\n\n<h3 class=\"wp-block-heading\"><strong>Derecho a la Limitaci\u00f3n y Oposici\u00f3n<\/strong><\/h3>\n\n\n\n<p>En determinadas circunstancias, los interesados podr\u00e1n solicitar la limitaci\u00f3n del tratamiento de sus datos, en cuyo caso \u00fanicamente los conservaremos para el ejercicio o la defensa de reclamaciones. En determinadas circunstancias y por motivos relacionados con su situaci\u00f3n particular, los interesados podr\u00e1n oponerse al tratamiento de sus datos. Fiderenos International SL dejar\u00e1 de tratar los datos, salvo por motivos leg\u00edtimos imperiosos, o el ejercicio o la defensa de posibles reclamaciones. Dichos derechos podr\u00e1n ser ejercitados a trav\u00e9s de cualquier medio de comunicaci\u00f3n frente a Fiderenos International SL en la direcci\u00f3n arriba indicada, adjuntando fotocopia de DNI del titular de los datos o en el e-mail: \u200b<a href=\"mailto:gdpr@fiderenos.com\">gdpr@fiderenos.com<\/a>.<\/p>\n\n\n\n<h3 class=\"wp-block-heading\"><strong>Actualizaciones y modificaciones<\/strong><\/h3>\n\n\n\n<p>Fiderenos International SL se reserva el derecho de modificar y\/o actualizar la informaci\u00f3n sobre protecci\u00f3n de datos cuando sea necesario para el correcto cumplimiento del Reglamento de Protecci\u00f3n de Datos. Si se produjera alguna modificaci\u00f3n, el nuevo texto ser\u00e1 publicado en esta p\u00e1gina, donde podr\u00e1 tener acceso a la pol\u00edtica actual. En cada caso, la relaci\u00f3n con los usuarios se regir\u00e1 por las normas previstas en el momento preciso en que se accede al web.<\/p>\n\n\n\n<h2 class=\"wp-block-heading\"><strong>Canal de comunicaci\u00f3n y soporte<\/strong><\/h2>\n\n\n\n<p>Las personas interesadas podr\u00e1n comunicar cualquier duda sobre el tratamiento de sus datos de car\u00e1cter personal o interpretaci\u00f3n de nuestra pol\u00edtica en la siguiente direcci\u00f3n: \u200b<a href=\"mailto:gdpr@fiderenos.com\" data-type=\"mailto\" data-id=\"mailto:gdpr@fiderenos.com\">gdpr@fiderenos.com<\/a>.<\/p>\n\n\n\n<h2 class=\"wp-block-heading\"><strong>Responsabilidad y Obligaciones del prestador<\/strong><\/h2>\n\n\n\n<h3 class=\"wp-block-heading\"><strong>Responsabilidades con respecto a los contenidos<\/strong><\/h3>\n\n\n\n<p>El contenido de este sitio web es de car\u00e1cter general, as\u00ed como tiene una finalidad y efectos exclusivamente informativos de nuestros servicios y de nuestra actividad empresarial.<\/p>\n\n\n\n<p>Fiderenos International SL se exime de cualquier responsabilidad respecto a cualquier decisi\u00f3n adoptada por el usuario del sitio web como consecuencia de la informaci\u00f3n contenida en ella.<\/p>\n\n\n\n<p>Fiderenos International SL rechaza la responsabilidad sobre cualquier informaci\u00f3n no elaborada por Fiderenos International SL o no publicada de forma autorizada por ella bajo su nombre, al igual que la responsabilidad que se derive de la mala utilizaci\u00f3n de los contenidos, as\u00ed como se reserva el derecho a actualizarlos, a eliminarlos, limitarlos o impedir el acceso a ellos, de manera temporal o definitiva.<\/p>\n\n\n\n<h3 class=\"wp-block-heading\"><strong>Responsabilidad respecto a los enlaces a otras p\u00e1ginas webs (links)<\/strong><\/h3>\n\n\n\n<p>Los enlaces introducidos en <a href=\"http:\/\/www.fiderenos.com\" data-type=\"link\" data-id=\"www.fiderenos.com\">www.fiderenos.com<\/a> son de car\u00e1cter meramente informativo y, por tanto, Fiderenos International SL no controla ni verifica ninguna informaci\u00f3n, contenido, productos o servicios facilitados a trav\u00e9s de estos sitios web. En consecuencia, Fiderenos International SL declina cualquier tipo de responsabilidad por cualquier aspecto, en especial el contenido, relativo a esa p\u00e1gina.<\/p>\n\n\n\n<h3 class=\"wp-block-heading\"><strong>Responsabilidad en el supuesto en que esta p\u00e1gina sea el destino del enlace introducido en otra p\u00e1gina<\/strong><\/h3>\n\n\n\n<p>Por lo que se refiere a los enlaces establecidos por otras p\u00e1ginas a este sitio, as\u00ed como si cualquier usuario, entidad o p\u00e1gina web deseara establecer alg\u00fan tipo de enlace con destino al sitio web de Fiderenos International SL deber\u00e1 atenerse a las siguientes estipulaciones:<\/p>\n\n\n\n<p>Deber\u00e1 solicitar autorizaci\u00f3n previamente a la realizaci\u00f3n del enlace y deber\u00e1 constar de forma expresa su otorgamiento. S\u00f3lo se podr\u00e1 dirigir a la p\u00e1gina de inicio.<\/p>\n\n\n\n<p>El enlace debe ser absoluto y completo, es decir, debe llevar al usuario a la propia direcci\u00f3n de Fiderenos International SL y debe abarcar completamente toda la extensi\u00f3n de la pantalla de la p\u00e1gina inicial. En ning\u00fan caso, salvo autorizaci\u00f3n expresa y por escrito de Fiderenos International SL, la p\u00e1gina que realice el enlace podr\u00e1 reproducir de cualquier manera el sitio web de Fiderenos International SL, incluirlo como parte de su web o dentro de uno de sus frames o crear un browser sobre cualquiera de las p\u00e1ginas del web.<\/p>\n\n\n\n<p>No se dar\u00e1 ning\u00fan tipo de indicaci\u00f3n err\u00f3nea o incorrecta acerca de la p\u00e1gina de Fiderenos International SL.<\/p>\n\n\n\n<p>Si quisiera hacer constar alg\u00fan signo distintivo de Fiderenos International SL como marcas, logos, denominaci\u00f3n deber\u00e1 contar con la autorizaci\u00f3n por escrito.<\/p>\n\n\n\n<p>El Titular de la p\u00e1gina que ofrece el enlace deber\u00e1 actuar de buena fe y no pretender\u00e1 afectar negativamente a la reputaci\u00f3n o buen nombre de Fiderenos International SL.<\/p>\n\n\n\n<p>Se proh\u00edbe, salvo autorizaci\u00f3n expresa de Fiderenos International SL, dar de alta los elementos de texto de la marca o del logo, el nombre de dominio o la denominaci\u00f3n social de Fiderenos International SL como palabra clave (metatags o metanames) para la b\u00fasqueda de sitios webs realizada a trav\u00e9s de buscadores.<\/p>\n\n\n\n<p>Fiderenos International SL no asume ning\u00fan tipo de responsabilidad por cualquier aspecto relativo a la p\u00e1gina web que ofrece el enlace. El establecimiento del enlace no implica la existencia de alg\u00fan tipo de relaci\u00f3n, colaboraci\u00f3n o dependencia de Fiderenos International SL con el titular de esa p\u00e1gina web.<\/p>\n\n\n\n<h3 class=\"wp-block-heading\"><strong>Responsabilidad aspectos t\u00e9cnicos<\/strong><\/h3>\n\n\n\n<p>Fiderenos International SL no garantiza la continuidad del funcionamiento del sitio web al igual que el mismo se encuentre en todo momento operativo y disponible.<\/p>\n\n\n\n<p>Fiderenos International SL no se hace responsable de los da\u00f1os y perjuicios directos o indirectos, incluidos da\u00f1os a sistemas inform\u00e1ticos e introducci\u00f3n de virus existentes en la red, derivados de la navegaci\u00f3n por Internet necesaria para el uso de este sitio web.<\/p>\n\n\n\n<h3 class=\"wp-block-heading\"><strong>Obligaci\u00f3n de los usuarios<\/strong><\/h3>\n\n\n\n<p>El usuario responder\u00e1 de los da\u00f1os y perjuicios que Fiderenos International SL pueda sufrir como consecuencia del incumplimiento de cualquiera de las obligaciones determinadas en esta nota legal.<\/p>\n\n\n\n<p>Respecto a la navegaci\u00f3n, el usuario se compromete a observar diligente y fielmente las recomendaciones que en su momento establezca Fiderenos International SL relativa al uso del sitio. A estos efectos Fiderenos International SL se dirigir\u00e1 a los usuarios mediante cualquier medio de comunicaci\u00f3n a trav\u00e9s del sitio web.<\/p>\n\n\n\n<h2 class=\"wp-block-heading\"><strong>Duraci\u00f3n y Modificaci\u00f3n<\/strong><\/h2>\n\n\n\n<p>Fiderenos International SL tendr\u00e1 derecho a modificar los t\u00e9rminos y condiciones aqu\u00ed estipuladas de forma unilateral, total o parcialmente. Cualquier cambio aparecer\u00e1 en la misma forma en que se encuentran en esta nota legal.<\/p>\n\n\n\n<p>La vigencia temporal de esta nota legal coincide, por lo tanto, con el tiempo de su exposici\u00f3n, hasta el momento en que sean modificadas de forma total o parcial por Fiderenos International SL.<\/p>\n\n\n\n<p>Fiderenos International SL podr\u00e1 dar por terminadas, suspender o interrumpir unilateralmente, la operatividad de este sitio web, sin posibilidad de solicitar indemnizaci\u00f3n alguna por parte del usuario. Tras dicha extinci\u00f3n, el usuario deber\u00e1 destruir cualquier informaci\u00f3n sobre la sociedad Fiderenos International SL que posea en cualquier formato y que haya obtenido a trav\u00e9s del sitio o a trav\u00e9s de las comunicaciones realizadas de forma individual al usuario por la misma.<\/p>\n\n\n\n<h2 class=\"wp-block-heading\"><strong>Legislaci\u00f3n y Jurisdicci\u00f3n<\/strong><\/h2>\n\n\n\n<p>Estas condiciones de uso se rigen por la legislaci\u00f3n espa\u00f1ola.<\/p>\n\n\n\n<p>Los usuarios y la empresa Fiderenos International SL someten todas las interpretaciones o conflictos que pudieran surgir derivados de esta nota legal a los Juzgados y Tribunales de Madrid.<\/p>\n<\/div><\/div>\n","protected":false},"excerpt":{"rendered":"<p>Datos del responsable del sitio y protecci\u00f3n de datos Finalidades del tratamiento Le informamos que los datos que nos facilite por cualquier medio (p\u00e1gina web, correo electr\u00f3nico, formularios en papel, y\/o cualquier otro documento) ser\u00e1n incorporados a un fichero titularidad de Fiderenos International SL. Fiderenos International SL tratar\u00e1 la informaci\u00f3n que nos proporcionan las personas [&hellip;]<\/p>\n","protected":false},"author":1,"featured_media":0,"parent":0,"menu_order":0,"comment_status":"closed","ping_status":"closed","template":"","meta":{"_uag_custom_page_level_css":"","site-sidebar-layout":"no-sidebar","site-content-layout":"plain-container","ast-site-content-layout":"normal-width-container","site-content-style":"unboxed","site-sidebar-style":"unboxed","ast-global-header-display":"","ast-banner-title-visibility":"","ast-main-header-display":"","ast-hfb-above-header-display":"disabled","ast-hfb-below-header-display":"","ast-hfb-mobile-header-display":"","site-post-title":"disabled","ast-breadcrumbs-content":"","ast-featured-img":"disabled","footer-sml-layout":"","ast-disable-related-posts":"","theme-transparent-header-meta":"enabled","adv-header-id-meta":"","stick-header-meta":"","header-above-stick-meta":"","header-main-stick-meta":"","header-below-stick-meta":"","astra-migrate-meta-layouts":"set","ast-page-background-enabled":"default","ast-page-background-meta":{"desktop":{"background-color":"","background-image":"","background-repeat":"repeat","background-position":"center center","background-size":"auto","background-attachment":"scroll","background-type":"","background-media":"","overlay-type":"","overlay-color":"","overlay-opacity":"","overlay-gradient":""},"tablet":{"background-color":"","background-image":"","background-repeat":"repeat","background-position":"center center","background-size":"auto","background-attachment":"scroll","background-type":"","background-media":"","overlay-type":"","overlay-color":"","overlay-opacity":"","overlay-gradient":""},"mobile":{"background-color":"","background-image":"","background-repeat":"repeat","background-position":"center center","background-size":"auto","background-attachment":"scroll","background-type":"","background-media":"","overlay-type":"","overlay-color":"","overlay-opacity":"","overlay-gradient":""}},"ast-content-background-meta":{"desktop":{"background-color":"var(--ast-global-color-5)","background-image":"","background-repeat":"repeat","background-position":"center center","background-size":"auto","background-attachment":"scroll","background-type":"","background-media":"","overlay-type":"","overlay-color":"","overlay-opacity":"","overlay-gradient":""},"tablet":{"background-color":"var(--ast-global-color-5)","background-image":"","background-repeat":"repeat","background-position":"center center","background-size":"auto","background-attachment":"scroll","background-type":"","background-media":"","overlay-type":"","overlay-color":"","overlay-opacity":"","overlay-gradient":""},"mobile":{"background-color":"var(--ast-global-color-5)","background-image":"","background-repeat":"repeat","background-position":"center center","background-size":"auto","background-attachment":"scroll","background-type":"","background-media":"","overlay-type":"","overlay-color":"","overlay-opacity":"","overlay-gradient":""}},"footnotes":""},"class_list":["post-251","page","type-page","status-publish","hentry"],"uagb_featured_image_src":{"full":false,"thumbnail":false,"medium":false,"medium_large":false,"large":false,"1536x1536":false,"2048x2048":false},"uagb_author_info":{"display_name":"Loic","author_link":"https:\/\/www.fiderenos.com\/es\/author\/webmaster\/"},"uagb_comment_info":0,"uagb_excerpt":"Datos del responsable del sitio y protecci\u00f3n de datos Finalidades del tratamiento Le informamos que los datos que nos facilite por cualquier medio (p\u00e1gina web, correo electr\u00f3nico, formularios en papel, y\/o cualquier otro documento) ser\u00e1n incorporados a un fichero titularidad de Fiderenos International SL. Fiderenos International SL tratar\u00e1 la informaci\u00f3n que nos proporcionan las personas&hellip;","_links":{"self":[{"href":"https:\/\/www.fiderenos.com\/es\/wp-json\/wp\/v2\/pages\/251","targetHints":{"allow":["GET"]}}],"collection":[{"href":"https:\/\/www.fiderenos.com\/es\/wp-json\/wp\/v2\/pages"}],"about":[{"href":"https:\/\/www.fiderenos.com\/es\/wp-json\/wp\/v2\/types\/page"}],"author":[{"embeddable":true,"href":"https:\/\/www.fiderenos.com\/es\/wp-json\/wp\/v2\/users\/1"}],"replies":[{"embeddable":true,"href":"https:\/\/www.fiderenos.com\/es\/wp-json\/wp\/v2\/comments?post=251"}],"version-history":[{"count":0,"href":"https:\/\/www.fiderenos.com\/es\/wp-json\/wp\/v2\/pages\/251\/revisions"}],"wp:attachment":[{"href":"https:\/\/www.fiderenos.com\/es\/wp-json\/wp\/v2\/media?parent=251"}],"curies":[{"name":"wp","href":"https:\/\/api.w.org\/{rel}","templated":true}]}}